{"id":441,"date":"2018-06-01T20:49:52","date_gmt":"2018-06-01T18:49:52","guid":{"rendered":"https:\/\/joggls.com\/bewertungen\/"},"modified":"2019-11-30T22:16:51","modified_gmt":"2019-11-30T21:16:51","slug":"bewertungen","status":"publish","type":"page","link":"https:\/\/joggls.com\/en\/bewertungen\/","title":{"rendered":"Bewertungen"},"content":{"rendered":"<div id=\"cs-content\" class=\"cs-content\"><\/div>\n","protected":false},"excerpt":{"rendered":"","protected":false},"author":1,"featured_media":0,"parent":0,"menu_order":0,"comment_status":"closed","ping_status":"closed","template":"template-blank-4.php","meta":{"footnotes":""},"class_list":["post-441","page","type-page","status-publish","hentry","no-post-thumbnail"],"yoast_head":"<!-- This site is optimized with the Yoast SEO plugin v25.0 - https:\/\/yoast.com\/wordpress\/plugins\/seo\/ -->\n<title>Bewertungen - JOGGLS G\u00e4stehaus, Niederthai - \u00d6tztal<\/title>\n<meta name=\"description\" content=\"Bewerten Sie unseren JOGGLS Hof und G\u00e4stehaus in Niederthai und sagen Sie uns, wie es Ihnen bei uns gefallen hat.\" \/>\n<meta name=\"robots\" content=\"index, follow, max-snippet:-1, max-image-preview:large, max-video-preview:-1\" \/>\n<link rel=\"canonical\" href=\"https:\/\/joggls.com\/en\/bewertungen\/\" \/>\n<meta property=\"og:locale\" content=\"en_US\" \/>\n<meta property=\"og:type\" content=\"article\" \/>\n<meta property=\"og:title\" content=\"Bewertungen - JOGGLS G\u00e4stehaus, Niederthai - \u00d6tztal\" \/>\n<meta property=\"og:description\" content=\"Bewerten Sie unseren JOGGLS Hof und G\u00e4stehaus in Niederthai und sagen Sie uns, wie es Ihnen bei uns gefallen hat.\" \/>\n<meta property=\"og:url\" content=\"https:\/\/joggls.com\/en\/bewertungen\/\" \/>\n<meta property=\"og:site_name\" content=\"Joggls\" \/>\n<meta property=\"article:modified_time\" content=\"2019-11-30T21:16:51+00:00\" \/>\n<meta name=\"twitter:card\" content=\"summary_large_image\" \/>\n<script type=\"application\/ld+json\" class=\"yoast-schema-graph\">{\"@context\":\"https:\/\/schema.org\",\"@graph\":[{\"@type\":\"WebPage\",\"@id\":\"https:\/\/joggls.com\/en\/bewertungen\/\",\"url\":\"https:\/\/joggls.com\/en\/bewertungen\/\",\"name\":\"Bewertungen - JOGGLS G\u00e4stehaus, Niederthai - \u00d6tztal\",\"isPartOf\":{\"@id\":\"https:\/\/joggls.com\/en\/#website\"},\"datePublished\":\"2018-06-01T18:49:52+00:00\",\"dateModified\":\"2019-11-30T21:16:51+00:00\",\"description\":\"Bewerten Sie unseren JOGGLS Hof und G\u00e4stehaus in Niederthai und sagen Sie uns, wie es Ihnen bei uns gefallen hat.\",\"breadcrumb\":{\"@id\":\"https:\/\/joggls.com\/en\/bewertungen\/#breadcrumb\"},\"inLanguage\":\"en-US\",\"potentialAction\":[{\"@type\":\"ReadAction\",\"target\":[\"https:\/\/joggls.com\/en\/bewertungen\/\"]}]},{\"@type\":\"BreadcrumbList\",\"@id\":\"https:\/\/joggls.com\/en\/bewertungen\/#breadcrumb\",\"itemListElement\":[{\"@type\":\"ListItem\",\"position\":1,\"name\":\"Startseite\",\"item\":\"https:\/\/joggls.com\/en\/\"},{\"@type\":\"ListItem\",\"position\":2,\"name\":\"Bewertungen\"}]},{\"@type\":\"WebSite\",\"@id\":\"https:\/\/joggls.com\/en\/#website\",\"url\":\"https:\/\/joggls.com\/en\/\",\"name\":\"Joggls\",\"description\":\"G\u00e4stehaus in Niederthai\",\"potentialAction\":[{\"@type\":\"SearchAction\",\"target\":{\"@type\":\"EntryPoint\",\"urlTemplate\":\"https:\/\/joggls.com\/en\/?s={search_term_string}\"},\"query-input\":{\"@type\":\"PropertyValueSpecification\",\"valueRequired\":true,\"valueName\":\"search_term_string\"}}],\"inLanguage\":\"en-US\"}]}<\/script>\n<!-- \/ Yoast SEO plugin. -->","yoast_head_json":{"title":"Bewertungen - JOGGLS G\u00e4stehaus, Niederthai - \u00d6tztal","description":"Bewerten Sie unseren JOGGLS Hof und G\u00e4stehaus in Niederthai und sagen Sie uns, wie es Ihnen bei uns gefallen hat.","robots":{"index":"index","follow":"follow","max-snippet":"max-snippet:-1","max-image-preview":"max-image-preview:large","max-video-preview":"max-video-preview:-1"},"canonical":"https:\/\/joggls.com\/en\/bewertungen\/","og_locale":"en_US","og_type":"article","og_title":"Bewertungen - JOGGLS G\u00e4stehaus, Niederthai - \u00d6tztal","og_description":"Bewerten Sie unseren JOGGLS Hof und G\u00e4stehaus in Niederthai und sagen Sie uns, wie es Ihnen bei uns gefallen hat.","og_url":"https:\/\/joggls.com\/en\/bewertungen\/","og_site_name":"Joggls","article_modified_time":"2019-11-30T21:16:51+00:00","twitter_card":"summary_large_image","schema":{"@context":"https:\/\/schema.org","@graph":[{"@type":"WebPage","@id":"https:\/\/joggls.com\/en\/bewertungen\/","url":"https:\/\/joggls.com\/en\/bewertungen\/","name":"Bewertungen - JOGGLS G\u00e4stehaus, Niederthai - \u00d6tztal","isPartOf":{"@id":"https:\/\/joggls.com\/en\/#website"},"datePublished":"2018-06-01T18:49:52+00:00","dateModified":"2019-11-30T21:16:51+00:00","description":"Bewerten Sie unseren JOGGLS Hof und G\u00e4stehaus in Niederthai und sagen Sie uns, wie es Ihnen bei uns gefallen hat.","breadcrumb":{"@id":"https:\/\/joggls.com\/en\/bewertungen\/#breadcrumb"},"inLanguage":"en-US","potentialAction":[{"@type":"ReadAction","target":["https:\/\/joggls.com\/en\/bewertungen\/"]}]},{"@type":"BreadcrumbList","@id":"https:\/\/joggls.com\/en\/bewertungen\/#breadcrumb","itemListElement":[{"@type":"ListItem","position":1,"name":"Startseite","item":"https:\/\/joggls.com\/en\/"},{"@type":"ListItem","position":2,"name":"Bewertungen"}]},{"@type":"WebSite","@id":"https:\/\/joggls.com\/en\/#website","url":"https:\/\/joggls.com\/en\/","name":"Joggls","description":"G\u00e4stehaus in Niederthai","potentialAction":[{"@type":"SearchAction","target":{"@type":"EntryPoint","urlTemplate":"https:\/\/joggls.com\/en\/?s={search_term_string}"},"query-input":{"@type":"PropertyValueSpecification","valueRequired":true,"valueName":"search_term_string"}}],"inLanguage":"en-US"}]}},"_links":{"self":[{"href":"https:\/\/joggls.com\/en\/wp-json\/wp\/v2\/pages\/441","targetHints":{"allow":["GET"]}}],"collection":[{"href":"https:\/\/joggls.com\/en\/wp-json\/wp\/v2\/pages"}],"about":[{"href":"https:\/\/joggls.com\/en\/wp-json\/wp\/v2\/types\/page"}],"author":[{"embeddable":true,"href":"https:\/\/joggls.com\/en\/wp-json\/wp\/v2\/users\/1"}],"replies":[{"embeddable":true,"href":"https:\/\/joggls.com\/en\/wp-json\/wp\/v2\/comments?post=441"}],"version-history":[{"count":0,"href":"https:\/\/joggls.com\/en\/wp-json\/wp\/v2\/pages\/441\/revisions"}],"wp:attachment":[{"href":"https:\/\/joggls.com\/en\/wp-json\/wp\/v2\/media?parent=441"}],"curies":[{"name":"wp","href":"https:\/\/api.w.org\/{rel}","templated":true}]}}