{"id":467,"date":"2018-06-01T13:48:01","date_gmt":"2018-06-01T11:48:01","guid":{"rendered":"https:\/\/joggls.com\/impressum\/"},"modified":"2018-06-12T20:24:18","modified_gmt":"2018-06-12T18:24:18","slug":"impressum","status":"publish","type":"page","link":"https:\/\/joggls.com\/en\/impressum\/","title":{"rendered":"Impressum"},"content":{"rendered":"<div id=\"cs-content\" class=\"cs-content\"><\/div>\n","protected":false},"excerpt":{"rendered":"<p>Legal notice Media owner, producer and publisher:JOGGLS G\u00e4stehausInh. Jakob FalknerNiederthai 1156441 Umhausen, Austria CEO: Jakob FalknerLegal form: Sole proprietorshipVAT registration number: ATU60356304Trade authority: Municipal Council of InnsbruckCompetent chamber: Tyrolean Chamber of CommerceAll applicable provisions, especially the Austrian Trade Regulation Act and the E-Commerce Act, are available at www.ris.bka.gv.at at any time.\u2013\u2013\u2013Photographs\u00d6tztal TourismusSergio Mart\u00ednez-Nicol\u00e1sConcept &amp; textForsthuber MarketingDesign &amp; programmingweb.co.ag \u2013 a &#8230; <\/p>\n<div><a href=\"https:\/\/joggls.com\/en\/impressum\/\" class=\"more-link\">Read More<\/a><\/div>\n","protected":false},"author":1,"featured_media":0,"parent":0,"menu_order":0,"comment_status":"closed","ping_status":"closed","template":"template-blank-4.php","meta":{"footnotes":""},"class_list":["post-467","page","type-page","status-publish","hentry","no-post-thumbnail"],"yoast_head":"<!-- This site is optimized with the Yoast SEO plugin v25.0 - https:\/\/yoast.com\/wordpress\/plugins\/seo\/ -->\n<title>Impressum - Joggls<\/title>\n<meta name=\"robots\" content=\"index, follow, max-snippet:-1, max-image-preview:large, max-video-preview:-1\" \/>\n<link rel=\"canonical\" href=\"https:\/\/joggls.com\/en\/impressum\/\" \/>\n<meta property=\"og:locale\" content=\"en_US\" \/>\n<meta property=\"og:type\" content=\"article\" \/>\n<meta property=\"og:title\" content=\"Impressum - Joggls\" \/>\n<meta property=\"og:description\" content=\"Legal notice Media owner, producer and publisher:JOGGLS G\u00e4stehausInh. Jakob FalknerNiederthai 1156441 Umhausen, Austria CEO: Jakob FalknerLegal form: Sole proprietorshipVAT registration number: ATU60356304Trade authority: Municipal Council of InnsbruckCompetent chamber: Tyrolean Chamber of CommerceAll applicable provisions, especially the Austrian Trade Regulation Act and the E-Commerce Act, are available at www.ris.bka.gv.at at any time.\u2013\u2013\u2013Photographs\u00d6tztal TourismusSergio Mart\u00ednez-Nicol\u00e1sConcept &amp; textForsthuber MarketingDesign &amp; programmingweb.co.ag \u2013 a ... Read More\" \/>\n<meta property=\"og:url\" content=\"https:\/\/joggls.com\/en\/impressum\/\" \/>\n<meta property=\"og:site_name\" content=\"Joggls\" \/>\n<meta property=\"article:modified_time\" content=\"2018-06-12T18:24:18+00:00\" \/>\n<meta name=\"twitter:card\" content=\"summary_large_image\" \/>\n<script type=\"application\/ld+json\" class=\"yoast-schema-graph\">{\"@context\":\"https:\/\/schema.org\",\"@graph\":[{\"@type\":\"WebPage\",\"@id\":\"https:\/\/joggls.com\/en\/impressum\/\",\"url\":\"https:\/\/joggls.com\/en\/impressum\/\",\"name\":\"Impressum - Joggls\",\"isPartOf\":{\"@id\":\"https:\/\/joggls.com\/en\/#website\"},\"datePublished\":\"2018-06-01T11:48:01+00:00\",\"dateModified\":\"2018-06-12T18:24:18+00:00\",\"breadcrumb\":{\"@id\":\"https:\/\/joggls.com\/en\/impressum\/#breadcrumb\"},\"inLanguage\":\"en-US\",\"potentialAction\":[{\"@type\":\"ReadAction\",\"target\":[\"https:\/\/joggls.com\/en\/impressum\/\"]}]},{\"@type\":\"BreadcrumbList\",\"@id\":\"https:\/\/joggls.com\/en\/impressum\/#breadcrumb\",\"itemListElement\":[{\"@type\":\"ListItem\",\"position\":1,\"name\":\"Startseite\",\"item\":\"https:\/\/joggls.com\/en\/\"},{\"@type\":\"ListItem\",\"position\":2,\"name\":\"Impressum\"}]},{\"@type\":\"WebSite\",\"@id\":\"https:\/\/joggls.com\/en\/#website\",\"url\":\"https:\/\/joggls.com\/en\/\",\"name\":\"Joggls\",\"description\":\"G\u00e4stehaus in Niederthai\",\"potentialAction\":[{\"@type\":\"SearchAction\",\"target\":{\"@type\":\"EntryPoint\",\"urlTemplate\":\"https:\/\/joggls.com\/en\/?s={search_term_string}\"},\"query-input\":{\"@type\":\"PropertyValueSpecification\",\"valueRequired\":true,\"valueName\":\"search_term_string\"}}],\"inLanguage\":\"en-US\"}]}<\/script>\n<!-- \/ Yoast SEO plugin. -->","yoast_head_json":{"title":"Impressum - Joggls","robots":{"index":"index","follow":"follow","max-snippet":"max-snippet:-1","max-image-preview":"max-image-preview:large","max-video-preview":"max-video-preview:-1"},"canonical":"https:\/\/joggls.com\/en\/impressum\/","og_locale":"en_US","og_type":"article","og_title":"Impressum - Joggls","og_description":"Legal notice Media owner, producer and publisher:JOGGLS G\u00e4stehausInh. Jakob FalknerNiederthai 1156441 Umhausen, Austria CEO: Jakob FalknerLegal form: Sole proprietorshipVAT registration number: ATU60356304Trade authority: Municipal Council of InnsbruckCompetent chamber: Tyrolean Chamber of CommerceAll applicable provisions, especially the Austrian Trade Regulation Act and the E-Commerce Act, are available at www.ris.bka.gv.at at any time.\u2013\u2013\u2013Photographs\u00d6tztal TourismusSergio Mart\u00ednez-Nicol\u00e1sConcept &amp; textForsthuber MarketingDesign &amp; programmingweb.co.ag \u2013 a ... Read More","og_url":"https:\/\/joggls.com\/en\/impressum\/","og_site_name":"Joggls","article_modified_time":"2018-06-12T18:24:18+00:00","twitter_card":"summary_large_image","schema":{"@context":"https:\/\/schema.org","@graph":[{"@type":"WebPage","@id":"https:\/\/joggls.com\/en\/impressum\/","url":"https:\/\/joggls.com\/en\/impressum\/","name":"Impressum - Joggls","isPartOf":{"@id":"https:\/\/joggls.com\/en\/#website"},"datePublished":"2018-06-01T11:48:01+00:00","dateModified":"2018-06-12T18:24:18+00:00","breadcrumb":{"@id":"https:\/\/joggls.com\/en\/impressum\/#breadcrumb"},"inLanguage":"en-US","potentialAction":[{"@type":"ReadAction","target":["https:\/\/joggls.com\/en\/impressum\/"]}]},{"@type":"BreadcrumbList","@id":"https:\/\/joggls.com\/en\/impressum\/#breadcrumb","itemListElement":[{"@type":"ListItem","position":1,"name":"Startseite","item":"https:\/\/joggls.com\/en\/"},{"@type":"ListItem","position":2,"name":"Impressum"}]},{"@type":"WebSite","@id":"https:\/\/joggls.com\/en\/#website","url":"https:\/\/joggls.com\/en\/","name":"Joggls","description":"G\u00e4stehaus in Niederthai","potentialAction":[{"@type":"SearchAction","target":{"@type":"EntryPoint","urlTemplate":"https:\/\/joggls.com\/en\/?s={search_term_string}"},"query-input":{"@type":"PropertyValueSpecification","valueRequired":true,"valueName":"search_term_string"}}],"inLanguage":"en-US"}]}},"_links":{"self":[{"href":"https:\/\/joggls.com\/en\/wp-json\/wp\/v2\/pages\/467","targetHints":{"allow":["GET"]}}],"collection":[{"href":"https:\/\/joggls.com\/en\/wp-json\/wp\/v2\/pages"}],"about":[{"href":"https:\/\/joggls.com\/en\/wp-json\/wp\/v2\/types\/page"}],"author":[{"embeddable":true,"href":"https:\/\/joggls.com\/en\/wp-json\/wp\/v2\/users\/1"}],"replies":[{"embeddable":true,"href":"https:\/\/joggls.com\/en\/wp-json\/wp\/v2\/comments?post=467"}],"version-history":[{"count":0,"href":"https:\/\/joggls.com\/en\/wp-json\/wp\/v2\/pages\/467\/revisions"}],"wp:attachment":[{"href":"https:\/\/joggls.com\/en\/wp-json\/wp\/v2\/media?parent=467"}],"curies":[{"name":"wp","href":"https:\/\/api.w.org\/{rel}","templated":true}]}}